{"id":9425,"date":"2022-07-25T12:15:25","date_gmt":"2022-07-25T10:15:25","guid":{"rendered":"https:\/\/www.elbacasavacanze.com\/spiagge\/"},"modified":"2023-03-07T11:40:50","modified_gmt":"2023-03-07T10:40:50","slug":"straende","status":"publish","type":"page","link":"https:\/\/www.elbacasavacanze.com\/de\/straende\/","title":{"rendered":"Str\u00e4nde"},"content":{"rendered":"\t\t<div data-elementor-type=\"wp-page\" data-elementor-id=\"9425\" class=\"elementor elementor-9425\">\n\t\t\t\t\t\t<section class=\"elementor-section elementor-top-section elementor-element elementor-element-52cf519d elementor-section-full_width elementor-section-height-min-height elementor-section-stretched elementor-section-height-default elementor-section-items-middle\" data-id=\"52cf519d\" data-element_type=\"section\" data-settings=\"{&quot;stretch_section&quot;:&quot;section-stretched&quot;,&quot;background_background&quot;:&quot;classic&quot;}\">\n\t\t\t\t\t\t<div class=\"elementor-container elementor-column-gap-default\">\n\t\t\t\t\t<div class=\"elementor-column elementor-col-100 elementor-top-column elementor-element elementor-element-57bddda8\" data-id=\"57bddda8\" data-element_type=\"column\">\n\t\t\t<div class=\"elementor-widget-wrap elementor-element-populated\">\n\t\t\t\t\t\t<div class=\"elementor-element elementor-element-6221a42f elementor-widget elementor-widget-heading\" data-id=\"6221a42f\" data-element_type=\"widget\" data-widget_type=\"heading.default\">\n\t\t\t\t<div class=\"elementor-widget-container\">\n\t\t\t<h1 class=\"elementor-heading-title elementor-size-default\">STR\u00c4NDE<\/h1>\t\t<\/div>\n\t\t\t\t<\/div>\n\t\t\t\t\t<\/div>\n\t\t<\/div>\n\t\t\t\t\t<\/div>\n\t\t<\/section>\n\t\t\t\t<section class=\"elementor-section elementor-top-section elementor-element elementor-element-30ea12a elementor-section-stretched elementor-section-boxed elementor-section-height-default elementor-section-height-default\" data-id=\"30ea12a\" data-element_type=\"section\" data-settings=\"{&quot;stretch_section&quot;:&quot;section-stretched&quot;,&quot;background_background&quot;:&quot;classic&quot;}\">\n\t\t\t\t\t\t<div class=\"elementor-container elementor-column-gap-extended\">\n\t\t\t\t\t<div class=\"elementor-column elementor-col-100 elementor-top-column elementor-element elementor-element-f9a4057\" data-id=\"f9a4057\" data-element_type=\"column\">\n\t\t\t<div class=\"elementor-widget-wrap elementor-element-populated\">\n\t\t\t\t\t\t<div class=\"elementor-element elementor-element-f6d068a apus-heading-builder elementor-widget elementor-widget-heading\" data-id=\"f6d068a\" data-element_type=\"widget\" data-widget_type=\"heading.default\">\n\t\t\t\t<div class=\"elementor-widget-container\">\n\t\t\t<h2 class=\"elementor-heading-title elementor-size-default\">Jeden Tag ein anderer Strand<\/h2>\t\t<\/div>\n\t\t\t\t<\/div>\n\t\t\t\t<div class=\"elementor-element elementor-element-ede5326 elementor-widget elementor-widget-text-editor\" data-id=\"ede5326\" data-element_type=\"widget\" data-widget_type=\"text-editor.default\">\n\t\t\t\t<div class=\"elementor-widget-container\">\n\t\t\t\t\t\t\t<p>Die Insel Elba wird die Perle des Tyrrhenischen Meeres genannt, nach der Legende der G\u00f6ttin Aphrodite, die, indem sie ihre Perlenkette ins Meer gleiten lie\u00df, den toskanischen Archipel zum Leben erweckte, wobei Elba die gr\u00f6\u00dfte Perle darstellt.<\/p><p>Sicher und bewiesen ist, dass Elba von einzigartiger Sch\u00f6nheit und Charme ist. 150 Kilometer K\u00fcste, wo sich eine Vielzahl von Str\u00e4nden, Buchten und Felsen abwechseln.<br \/>Der Grund f\u00fcr diese Vielfalt ist, dass Elba ein mineralogisches Freilichtmuseum ist, eine Definition, die von Bernardino Lotti, einem bedeutenden Geologen des sp\u00e4ten 19. Jahrhunderts, stammt. Wenn Elba somit f\u00fcr Geologen ein Paradies ist, so bleibt f\u00fcr uns Laien der Materie das Staunen und Betrachten des Farbenspiels, das bei jedem Blick zum Leben erwacht.<\/p><p>Wir haben die Ostk\u00fcste (Porto Azzurro und Rio), die sich durch die gro\u00dfe Pr\u00e4senz von Eisen auszeichnet, dann <strong>Str\u00e4nde mit r\u00f6tlichem oder gl\u00e4nzendem schwarzem Sand<\/strong> mit Felsen, die von Schwefelgelb bis Violett reichen. Str\u00e4nde in der N\u00e4he: <strong>Barbarossa \u2013 Reale \u2013 Laghetto di Terranera \u2013 Topinetti \u2013 Cala Seregola<\/strong>.<\/p><p>Die S\u00fcdk\u00fcste (Capoliveri) hat die gr\u00f6\u00dfte Anzahl an Str\u00e4nden und zeichnet sich durch ein smaragdgr\u00fcnes Meer aus. Str\u00e4nde in der N\u00e4he: <strong>Zuccale \u2013 Lido \u2013 Felciaio \u2013 Norsi \u2013 Lacona<\/strong>.<\/p><p>An der Nordk\u00fcste (Portoferraio) sind haupts\u00e4chlich Str\u00e4nde mit wei\u00dfem Kies, der dem Meer seine ber\u00fchmte aquamarine Farbe verleiht. Str\u00e4nde in der N\u00e4he: <strong>Samson \u2013 Unterbombe \u2013 Capo Bianco \u2013 Padulella<\/strong>.<\/p><p>An der Westk\u00fcste (Marciana und Marina di Campo) befinden sich die ber\u00fchmten Str\u00e4nde mit wei\u00dfem Sand und Granitfelsen, die Mond- und Urlandschaften bieten. <strong>Sant\u2019Andrea \u2013 Cotoncello \u2013 Fetovaia \u2013 Le Piscine \u2013 Cavoli.<\/strong><\/p>\t\t\t\t\t\t<\/div>\n\t\t\t\t<\/div>\n\t\t\t\t\t<\/div>\n\t\t<\/div>\n\t\t\t\t\t<\/div>\n\t\t<\/section>\n\t\t\t\t<section class=\"elementor-section elementor-top-section elementor-element elementor-element-db9b586 elementor-section-full_width elementor-section-stretched elementor-section-height-default elementor-section-height-default\" data-id=\"db9b586\" data-element_type=\"section\" data-settings=\"{&quot;stretch_section&quot;:&quot;section-stretched&quot;}\">\n\t\t\t\t\t\t<div class=\"elementor-container elementor-column-gap-default\">\n\t\t\t\t\t<div class=\"elementor-column elementor-col-100 elementor-top-column elementor-element elementor-element-2d97c44\" data-id=\"2d97c44\" data-element_type=\"column\">\n\t\t\t<div class=\"elementor-widget-wrap elementor-element-populated\">\n\t\t\t\t\t\t<div class=\"elementor-element elementor-element-1438ea6 gallery-spacing-custom apus-gallery-h1 elementor-widget elementor-widget-image-gallery\" data-id=\"1438ea6\" data-element_type=\"widget\" data-settings=\"{&quot;_animation&quot;:&quot;none&quot;}\" data-widget_type=\"image-gallery.default\">\n\t\t\t\t<div class=\"elementor-widget-container\">\n\t\t\t\t\t<div class=\"elementor-image-gallery\">\n\t\t\t<div id='gallery-1' class='gallery galleryid-9425 gallery-columns-3 gallery-size-abolire-gallery-rectangle'><figure class='gallery-item'>\n\t\t\t<div class='gallery-icon landscape'>\n\t\t\t\t<a data-elementor-open-lightbox=\"yes\" data-elementor-lightbox-slideshow=\"1438ea6\" data-e-action-hash=\"#elementor-action%3Aaction%3Dlightbox%26settings%3DeyJpZCI6OTI2OSwidXJsIjoiaHR0cHM6XC9cL3d3dy5lbGJhY2FzYXZhY2FuemUuY29tXC93cC1jb250ZW50XC91cGxvYWRzXC8yMDIyXC8wN1wvc3AtcmVhbGUuanBnIiwic2xpZGVzaG93IjoiMTQzOGVhNiJ9\" href='https:\/\/www.elbacasavacanze.com\/wp-content\/uploads\/2022\/07\/sp-reale.jpg'><img fetchpriority=\"high\" decoding=\"async\" width=\"768\" height=\"857\" src=\"https:\/\/www.elbacasavacanze.com\/wp-content\/uploads\/2022\/07\/sp-reale-768x857.jpg\" class=\"attachment-abolire-gallery-rectangle size-abolire-gallery-rectangle\" alt=\"\" aria-describedby=\"gallery-1-9269\" \/><\/a>\n\t\t\t<\/div>\n\t\t\t\t<figcaption class='wp-caption-text gallery-caption' id='gallery-1-9269'>\n\t\t\t\tSpiaggia di Reale\n\t\t\t\t<\/figcaption><\/figure><figure class='gallery-item'>\n\t\t\t<div class='gallery-icon landscape'>\n\t\t\t\t<a data-elementor-open-lightbox=\"yes\" data-elementor-lightbox-slideshow=\"1438ea6\" data-e-action-hash=\"#elementor-action%3Aaction%3Dlightbox%26settings%3DeyJpZCI6OTM0OSwidXJsIjoiaHR0cHM6XC9cL3d3dy5lbGJhY2FzYXZhY2FuemUuY29tXC93cC1jb250ZW50XC91cGxvYWRzXC8yMDIyXC8xMFwvdGVycmFuZXJhLmpwZyIsInNsaWRlc2hvdyI6IjE0MzhlYTYifQ%3D%3D\" href='https:\/\/www.elbacasavacanze.com\/wp-content\/uploads\/2022\/10\/terranera.jpg'><img decoding=\"async\" width=\"768\" height=\"857\" src=\"https:\/\/www.elbacasavacanze.com\/wp-content\/uploads\/2022\/10\/terranera-768x857.jpg\" class=\"attachment-abolire-gallery-rectangle size-abolire-gallery-rectangle\" alt=\"\" aria-describedby=\"gallery-1-9349\" \/><\/a>\n\t\t\t<\/div>\n\t\t\t\t<figcaption class='wp-caption-text gallery-caption' id='gallery-1-9349'>\n\t\t\t\tSpiaggia di Terranera\n\t\t\t\t<\/figcaption><\/figure><figure class='gallery-item'>\n\t\t\t<div class='gallery-icon landscape'>\n\t\t\t\t<a data-elementor-open-lightbox=\"yes\" data-elementor-lightbox-slideshow=\"1438ea6\" data-e-action-hash=\"#elementor-action%3Aaction%3Dlightbox%26settings%3DeyJpZCI6OTI3NSwidXJsIjoiaHR0cHM6XC9cL3d3dy5lbGJhY2FzYXZhY2FuemUuY29tXC93cC1jb250ZW50XC91cGxvYWRzXC8yMDIyXC8wN1wvc3AtdGVycmFuZXJhLmpwZyIsInNsaWRlc2hvdyI6IjE0MzhlYTYifQ%3D%3D\" href='https:\/\/www.elbacasavacanze.com\/wp-content\/uploads\/2022\/07\/sp-terranera.jpg'><img decoding=\"async\" width=\"768\" height=\"857\" src=\"https:\/\/www.elbacasavacanze.com\/wp-content\/uploads\/2022\/07\/sp-terranera-768x857.jpg\" class=\"attachment-abolire-gallery-rectangle size-abolire-gallery-rectangle\" alt=\"\" aria-describedby=\"gallery-1-9275\" \/><\/a>\n\t\t\t<\/div>\n\t\t\t\t<figcaption class='wp-caption-text gallery-caption' id='gallery-1-9275'>\n\t\t\t\tSpiaggia di Terranera\n\t\t\t\t<\/figcaption><\/figure><figure class='gallery-item'>\n\t\t\t<div class='gallery-icon portrait'>\n\t\t\t\t<a data-elementor-open-lightbox=\"yes\" data-elementor-lightbox-slideshow=\"1438ea6\" data-e-action-hash=\"#elementor-action%3Aaction%3Dlightbox%26settings%3DeyJpZCI6OTI3OSwidXJsIjoiaHR0cHM6XC9cL3d3dy5lbGJhY2FzYXZhY2FuemUuY29tXC93cC1jb250ZW50XC91cGxvYWRzXC8yMDIyXC8wN1wvc3BpYWdnaWEtZWxiYTIuanBnIiwic2xpZGVzaG93IjoiMTQzOGVhNiJ9\" href='https:\/\/www.elbacasavacanze.com\/wp-content\/uploads\/2022\/07\/spiaggia-elba2.jpg'><img loading=\"lazy\" decoding=\"async\" width=\"768\" height=\"857\" src=\"https:\/\/www.elbacasavacanze.com\/wp-content\/uploads\/2022\/07\/spiaggia-elba2-768x857.jpg\" class=\"attachment-abolire-gallery-rectangle size-abolire-gallery-rectangle\" alt=\"\" aria-describedby=\"gallery-1-9279\" \/><\/a>\n\t\t\t<\/div>\n\t\t\t\t<figcaption class='wp-caption-text gallery-caption' id='gallery-1-9279'>\n\t\t\t\tSpiaggia di Sansone\n\t\t\t\t<\/figcaption><\/figure><figure class='gallery-item'>\n\t\t\t<div class='gallery-icon landscape'>\n\t\t\t\t<a data-elementor-open-lightbox=\"yes\" data-elementor-lightbox-slideshow=\"1438ea6\" data-e-action-hash=\"#elementor-action%3Aaction%3Dlightbox%26settings%3DeyJpZCI6OTI3MSwidXJsIjoiaHR0cHM6XC9cL3d3dy5lbGJhY2FzYXZhY2FuemUuY29tXC93cC1jb250ZW50XC91cGxvYWRzXC8yMDIyXC8wN1wvc3Atc2Fuc29uZS5qcGciLCJzbGlkZXNob3ciOiIxNDM4ZWE2In0%3D\" href='https:\/\/www.elbacasavacanze.com\/wp-content\/uploads\/2022\/07\/sp-sansone.jpg'><img loading=\"lazy\" decoding=\"async\" width=\"768\" height=\"857\" src=\"https:\/\/www.elbacasavacanze.com\/wp-content\/uploads\/2022\/07\/sp-sansone-768x857.jpg\" class=\"attachment-abolire-gallery-rectangle size-abolire-gallery-rectangle\" alt=\"\" aria-describedby=\"gallery-1-9271\" \/><\/a>\n\t\t\t<\/div>\n\t\t\t\t<figcaption class='wp-caption-text gallery-caption' id='gallery-1-9271'>\n\t\t\t\tSpiaggia di Sansone\n\t\t\t\t<\/figcaption><\/figure><figure class='gallery-item'>\n\t\t\t<div class='gallery-icon landscape'>\n\t\t\t\t<a data-elementor-open-lightbox=\"yes\" data-elementor-lightbox-slideshow=\"1438ea6\" data-e-action-hash=\"#elementor-action%3Aaction%3Dlightbox%26settings%3DeyJpZCI6OTM1MSwidXJsIjoiaHR0cHM6XC9cL3d3dy5lbGJhY2FzYXZhY2FuemUuY29tXC93cC1jb250ZW50XC91cGxvYWRzXC8yMDIyXC8xMFwvc2NvZ2xpZXR0by1kZWxsYS1wYW9saW5hLmpwZyIsInNsaWRlc2hvdyI6IjE0MzhlYTYifQ%3D%3D\" href='https:\/\/www.elbacasavacanze.com\/wp-content\/uploads\/2022\/10\/scoglietto-della-paolina.jpg'><img loading=\"lazy\" decoding=\"async\" width=\"768\" height=\"857\" src=\"https:\/\/www.elbacasavacanze.com\/wp-content\/uploads\/2022\/10\/scoglietto-della-paolina-768x857.jpg\" class=\"attachment-abolire-gallery-rectangle size-abolire-gallery-rectangle\" alt=\"\" aria-describedby=\"gallery-1-9351\" \/><\/a>\n\t\t\t<\/div>\n\t\t\t\t<figcaption class='wp-caption-text gallery-caption' id='gallery-1-9351'>\n\t\t\t\tSpiaggia della Paolina\n\t\t\t\t<\/figcaption><\/figure><figure class='gallery-item'>\n\t\t\t<div class='gallery-icon landscape'>\n\t\t\t\t<a data-elementor-open-lightbox=\"yes\" data-elementor-lightbox-slideshow=\"1438ea6\" data-e-action-hash=\"#elementor-action%3Aaction%3Dlightbox%26settings%3DeyJpZCI6OTI2MSwidXJsIjoiaHR0cHM6XC9cL3d3dy5lbGJhY2FzYXZhY2FuemUuY29tXC93cC1jb250ZW50XC91cGxvYWRzXC8yMDIyXC8wN1wvc3AtbGEtcGFvbGluYS5qcGciLCJzbGlkZXNob3ciOiIxNDM4ZWE2In0%3D\" href='https:\/\/www.elbacasavacanze.com\/wp-content\/uploads\/2022\/07\/sp-la-paolina.jpg'><img loading=\"lazy\" decoding=\"async\" width=\"768\" height=\"857\" src=\"https:\/\/www.elbacasavacanze.com\/wp-content\/uploads\/2022\/07\/sp-la-paolina-768x857.jpg\" class=\"attachment-abolire-gallery-rectangle size-abolire-gallery-rectangle\" alt=\"\" aria-describedby=\"gallery-1-9261\" \/><\/a>\n\t\t\t<\/div>\n\t\t\t\t<figcaption class='wp-caption-text gallery-caption' id='gallery-1-9261'>\n\t\t\t\tSpiaggia della Paolina\n\t\t\t\t<\/figcaption><\/figure><figure class='gallery-item'>\n\t\t\t<div class='gallery-icon landscape'>\n\t\t\t\t<a data-elementor-open-lightbox=\"yes\" data-elementor-lightbox-slideshow=\"1438ea6\" data-e-action-hash=\"#elementor-action%3Aaction%3Dlightbox%26settings%3DeyJpZCI6OTI3MywidXJsIjoiaHR0cHM6XC9cL3d3dy5lbGJhY2FzYXZhY2FuemUuY29tXC93cC1jb250ZW50XC91cGxvYWRzXC8yMDIyXC8wN1wvc3Atc2FudC1hbmRyZWEuanBnIiwic2xpZGVzaG93IjoiMTQzOGVhNiJ9\" href='https:\/\/www.elbacasavacanze.com\/wp-content\/uploads\/2022\/07\/sp-sant-andrea.jpg'><img loading=\"lazy\" decoding=\"async\" width=\"768\" height=\"857\" src=\"https:\/\/www.elbacasavacanze.com\/wp-content\/uploads\/2022\/07\/sp-sant-andrea-768x857.jpg\" class=\"attachment-abolire-gallery-rectangle size-abolire-gallery-rectangle\" alt=\"\" aria-describedby=\"gallery-1-9273\" \/><\/a>\n\t\t\t<\/div>\n\t\t\t\t<figcaption class='wp-caption-text gallery-caption' id='gallery-1-9273'>\n\t\t\t\tSpiaggia di Sant&#8217;Andrea\n\t\t\t\t<\/figcaption><\/figure><figure class='gallery-item'>\n\t\t\t<div class='gallery-icon landscape'>\n\t\t\t\t<a data-elementor-open-lightbox=\"yes\" data-elementor-lightbox-slideshow=\"1438ea6\" data-e-action-hash=\"#elementor-action%3Aaction%3Dlightbox%26settings%3DeyJpZCI6OTI2NywidXJsIjoiaHR0cHM6XC9cL3d3dy5lbGJhY2FzYXZhY2FuemUuY29tXC93cC1jb250ZW50XC91cGxvYWRzXC8yMDIyXC8wN1wvc3AtcHVudGEtbmVyYS5qcGciLCJzbGlkZXNob3ciOiIxNDM4ZWE2In0%3D\" href='https:\/\/www.elbacasavacanze.com\/wp-content\/uploads\/2022\/07\/sp-punta-nera.jpg'><img loading=\"lazy\" decoding=\"async\" width=\"768\" height=\"857\" src=\"https:\/\/www.elbacasavacanze.com\/wp-content\/uploads\/2022\/07\/sp-punta-nera-768x857.jpg\" class=\"attachment-abolire-gallery-rectangle size-abolire-gallery-rectangle\" alt=\"\" aria-describedby=\"gallery-1-9267\" \/><\/a>\n\t\t\t<\/div>\n\t\t\t\t<figcaption class='wp-caption-text gallery-caption' id='gallery-1-9267'>\n\t\t\t\tSpiaggia di Punta Nera\n\t\t\t\t<\/figcaption><\/figure><figure class='gallery-item'>\n\t\t\t<div class='gallery-icon landscape'>\n\t\t\t\t<a data-elementor-open-lightbox=\"yes\" data-elementor-lightbox-slideshow=\"1438ea6\" data-e-action-hash=\"#elementor-action%3Aaction%3Dlightbox%26settings%3DeyJpZCI6OTI1NywidXJsIjoiaHR0cHM6XC9cL3d3dy5lbGJhY2FzYXZhY2FuemUuY29tXC93cC1jb250ZW50XC91cGxvYWRzXC8yMDIyXC8wN1wvc3AtZmV0b3ZhaWEuanBnIiwic2xpZGVzaG93IjoiMTQzOGVhNiJ9\" href='https:\/\/www.elbacasavacanze.com\/wp-content\/uploads\/2022\/07\/sp-fetovaia.jpg'><img loading=\"lazy\" decoding=\"async\" width=\"768\" height=\"857\" src=\"https:\/\/www.elbacasavacanze.com\/wp-content\/uploads\/2022\/07\/sp-fetovaia-768x857.jpg\" class=\"attachment-abolire-gallery-rectangle size-abolire-gallery-rectangle\" alt=\"\" aria-describedby=\"gallery-1-9257\" \/><\/a>\n\t\t\t<\/div>\n\t\t\t\t<figcaption class='wp-caption-text gallery-caption' id='gallery-1-9257'>\n\t\t\t\tSpiaggia di Fetovaia\n\t\t\t\t<\/figcaption><\/figure><figure class='gallery-item'>\n\t\t\t<div class='gallery-icon landscape'>\n\t\t\t\t<a data-elementor-open-lightbox=\"yes\" data-elementor-lightbox-slideshow=\"1438ea6\" data-e-action-hash=\"#elementor-action%3Aaction%3Dlightbox%26settings%3DeyJpZCI6OTM1NywidXJsIjoiaHR0cHM6XC9cL3d3dy5lbGJhY2FzYXZhY2FuemUuY29tXC93cC1jb250ZW50XC91cGxvYWRzXC8yMDIyXC8xMFwvbGFjb25hLmpwZyIsInNsaWRlc2hvdyI6IjE0MzhlYTYifQ%3D%3D\" href='https:\/\/www.elbacasavacanze.com\/wp-content\/uploads\/2022\/10\/lacona.jpg'><img loading=\"lazy\" decoding=\"async\" width=\"768\" height=\"857\" src=\"https:\/\/www.elbacasavacanze.com\/wp-content\/uploads\/2022\/10\/lacona-768x857.jpg\" class=\"attachment-abolire-gallery-rectangle size-abolire-gallery-rectangle\" alt=\"\" aria-describedby=\"gallery-1-9357\" \/><\/a>\n\t\t\t<\/div>\n\t\t\t\t<figcaption class='wp-caption-text gallery-caption' id='gallery-1-9357'>\n\t\t\t\tSpiaggia di Lacona\n\t\t\t\t<\/figcaption><\/figure><figure class='gallery-item'>\n\t\t\t<div class='gallery-icon landscape'>\n\t\t\t\t<a data-elementor-open-lightbox=\"yes\" data-elementor-lightbox-slideshow=\"1438ea6\" data-e-action-hash=\"#elementor-action%3Aaction%3Dlightbox%26settings%3DeyJpZCI6OTI0OSwidXJsIjoiaHR0cHM6XC9cL3d3dy5lbGJhY2FzYXZhY2FuemUuY29tXC93cC1jb250ZW50XC91cGxvYWRzXC8yMDIyXC8wN1wvc3AtYWNxdWFyaWxsaS5qcGciLCJzbGlkZXNob3ciOiIxNDM4ZWE2In0%3D\" href='https:\/\/www.elbacasavacanze.com\/wp-content\/uploads\/2022\/07\/sp-acquarilli.jpg'><img loading=\"lazy\" decoding=\"async\" width=\"768\" height=\"857\" src=\"https:\/\/www.elbacasavacanze.com\/wp-content\/uploads\/2022\/07\/sp-acquarilli-768x857.jpg\" class=\"attachment-abolire-gallery-rectangle size-abolire-gallery-rectangle\" alt=\"\" aria-describedby=\"gallery-1-9249\" \/><\/a>\n\t\t\t<\/div>\n\t\t\t\t<figcaption class='wp-caption-text gallery-caption' id='gallery-1-9249'>\n\t\t\t\tSpiaggia di Acquarilli\n\t\t\t\t<\/figcaption><\/figure><figure class='gallery-item'>\n\t\t\t<div class='gallery-icon landscape'>\n\t\t\t\t<a data-elementor-open-lightbox=\"yes\" data-elementor-lightbox-slideshow=\"1438ea6\" data-e-action-hash=\"#elementor-action%3Aaction%3Dlightbox%26settings%3DeyJpZCI6OTI1NSwidXJsIjoiaHR0cHM6XC9cL3d3dy5lbGJhY2FzYXZhY2FuemUuY29tXC93cC1jb250ZW50XC91cGxvYWRzXC8yMDIyXC8wN1wvc3AtZmVsY2lhaW8yLmpwZyIsInNsaWRlc2hvdyI6IjE0MzhlYTYifQ%3D%3D\" href='https:\/\/www.elbacasavacanze.com\/wp-content\/uploads\/2022\/07\/sp-felciaio2.jpg'><img loading=\"lazy\" decoding=\"async\" width=\"768\" height=\"857\" src=\"https:\/\/www.elbacasavacanze.com\/wp-content\/uploads\/2022\/07\/sp-felciaio2-768x857.jpg\" class=\"attachment-abolire-gallery-rectangle size-abolire-gallery-rectangle\" alt=\"\" aria-describedby=\"gallery-1-9255\" \/><\/a>\n\t\t\t<\/div>\n\t\t\t\t<figcaption class='wp-caption-text gallery-caption' id='gallery-1-9255'>\n\t\t\t\tSpiaggia di Felciaio\n\t\t\t\t<\/figcaption><\/figure><figure class='gallery-item'>\n\t\t\t<div class='gallery-icon landscape'>\n\t\t\t\t<a data-elementor-open-lightbox=\"yes\" data-elementor-lightbox-slideshow=\"1438ea6\" data-e-action-hash=\"#elementor-action%3Aaction%3Dlightbox%26settings%3DeyJpZCI6OTI1MywidXJsIjoiaHR0cHM6XC9cL3d3dy5lbGJhY2FzYXZhY2FuemUuY29tXC93cC1jb250ZW50XC91cGxvYWRzXC8yMDIyXC8wN1wvc3AtZmVsY2lhaW8uanBnIiwic2xpZGVzaG93IjoiMTQzOGVhNiJ9\" href='https:\/\/www.elbacasavacanze.com\/wp-content\/uploads\/2022\/07\/sp-felciaio.jpg'><img loading=\"lazy\" decoding=\"async\" width=\"768\" height=\"857\" src=\"https:\/\/www.elbacasavacanze.com\/wp-content\/uploads\/2022\/07\/sp-felciaio-768x857.jpg\" class=\"attachment-abolire-gallery-rectangle size-abolire-gallery-rectangle\" alt=\"\" aria-describedby=\"gallery-1-9253\" \/><\/a>\n\t\t\t<\/div>\n\t\t\t\t<figcaption class='wp-caption-text gallery-caption' id='gallery-1-9253'>\n\t\t\t\tSpiaggia di Felciaio\n\t\t\t\t<\/figcaption><\/figure><figure class='gallery-item'>\n\t\t\t<div class='gallery-icon landscape'>\n\t\t\t\t<a data-elementor-open-lightbox=\"yes\" data-elementor-lightbox-slideshow=\"1438ea6\" data-e-action-hash=\"#elementor-action%3Aaction%3Dlightbox%26settings%3DeyJpZCI6OTI2NSwidXJsIjoiaHR0cHM6XC9cL3d3dy5lbGJhY2FzYXZhY2FuemUuY29tXC93cC1jb250ZW50XC91cGxvYWRzXC8yMDIyXC8wN1wvc3AtbGlkby1kaS1jYXBvbGl2ZXJpLmpwZyIsInNsaWRlc2hvdyI6IjE0MzhlYTYifQ%3D%3D\" href='https:\/\/www.elbacasavacanze.com\/wp-content\/uploads\/2022\/07\/sp-lido-di-capoliveri.jpg'><img loading=\"lazy\" decoding=\"async\" width=\"768\" height=\"857\" src=\"https:\/\/www.elbacasavacanze.com\/wp-content\/uploads\/2022\/07\/sp-lido-di-capoliveri-768x857.jpg\" class=\"attachment-abolire-gallery-rectangle size-abolire-gallery-rectangle\" alt=\"\" aria-describedby=\"gallery-1-9265\" \/><\/a>\n\t\t\t<\/div>\n\t\t\t\t<figcaption class='wp-caption-text gallery-caption' id='gallery-1-9265'>\n\t\t\t\tSpiaggia di Lido di Capoliveri\n\t\t\t\t<\/figcaption><\/figure><figure class='gallery-item'>\n\t\t\t<div class='gallery-icon landscape'>\n\t\t\t\t<a data-elementor-open-lightbox=\"yes\" data-elementor-lightbox-slideshow=\"1438ea6\" data-e-action-hash=\"#elementor-action%3Aaction%3Dlightbox%26settings%3DeyJpZCI6OTM1MywidXJsIjoiaHR0cHM6XC9cL3d3dy5lbGJhY2FzYXZhY2FuemUuY29tXC93cC1jb250ZW50XC91cGxvYWRzXC8yMDIyXC8xMFwvc2NvZ2xpZXJhLWRpLWlzdGlhLmpwZyIsInNsaWRlc2hvdyI6IjE0MzhlYTYifQ%3D%3D\" href='https:\/\/www.elbacasavacanze.com\/wp-content\/uploads\/2022\/10\/scogliera-di-istia.jpg'><img loading=\"lazy\" decoding=\"async\" width=\"768\" height=\"857\" src=\"https:\/\/www.elbacasavacanze.com\/wp-content\/uploads\/2022\/10\/scogliera-di-istia-768x857.jpg\" class=\"attachment-abolire-gallery-rectangle size-abolire-gallery-rectangle\" alt=\"\" aria-describedby=\"gallery-1-9353\" \/><\/a>\n\t\t\t<\/div>\n\t\t\t\t<figcaption class='wp-caption-text gallery-caption' id='gallery-1-9353'>\n\t\t\t\tScogliera di Istia\n\t\t\t\t<\/figcaption><\/figure><figure class='gallery-item'>\n\t\t\t<div class='gallery-icon landscape'>\n\t\t\t\t<a data-elementor-open-lightbox=\"yes\" data-elementor-lightbox-slideshow=\"1438ea6\" data-e-action-hash=\"#elementor-action%3Aaction%3Dlightbox%26settings%3DeyJpZCI6OTI1MSwidXJsIjoiaHR0cHM6XC9cL3d3dy5lbGJhY2FzYXZhY2FuemUuY29tXC93cC1jb250ZW50XC91cGxvYWRzXC8yMDIyXC8wN1wvc3AtY2FsYW5vdmEuanBnIiwic2xpZGVzaG93IjoiMTQzOGVhNiJ9\" href='https:\/\/www.elbacasavacanze.com\/wp-content\/uploads\/2022\/07\/sp-calanova.jpg'><img loading=\"lazy\" decoding=\"async\" width=\"768\" height=\"857\" src=\"https:\/\/www.elbacasavacanze.com\/wp-content\/uploads\/2022\/07\/sp-calanova-768x857.jpg\" class=\"attachment-abolire-gallery-rectangle size-abolire-gallery-rectangle\" alt=\"\" aria-describedby=\"gallery-1-9251\" \/><\/a>\n\t\t\t<\/div>\n\t\t\t\t<figcaption class='wp-caption-text gallery-caption' id='gallery-1-9251'>\n\t\t\t\tSpiaggia di Calanova\n\t\t\t\t<\/figcaption><\/figure><figure class='gallery-item'>\n\t\t\t<div class='gallery-icon landscape'>\n\t\t\t\t<a data-elementor-open-lightbox=\"yes\" data-elementor-lightbox-slideshow=\"1438ea6\" data-e-action-hash=\"#elementor-action%3Aaction%3Dlightbox%26settings%3DeyJpZCI6OTM1NSwidXJsIjoiaHR0cHM6XC9cL3d3dy5lbGJhY2FzYXZhY2FuemUuY29tXC93cC1jb250ZW50XC91cGxvYWRzXC8yMDIyXC8xMFwvbmFyZWduby5qcGciLCJzbGlkZXNob3ciOiIxNDM4ZWE2In0%3D\" href='https:\/\/www.elbacasavacanze.com\/wp-content\/uploads\/2022\/10\/naregno.jpg'><img loading=\"lazy\" decoding=\"async\" width=\"768\" height=\"857\" src=\"https:\/\/www.elbacasavacanze.com\/wp-content\/uploads\/2022\/10\/naregno-768x857.jpg\" class=\"attachment-abolire-gallery-rectangle size-abolire-gallery-rectangle\" alt=\"\" aria-describedby=\"gallery-1-9355\" \/><\/a>\n\t\t\t<\/div>\n\t\t\t\t<figcaption class='wp-caption-text gallery-caption' id='gallery-1-9355'>\n\t\t\t\tSpiaggia di Naregno\n\t\t\t\t<\/figcaption><\/figure>\n\t\t<\/div>\n\t\t<\/div>\n\t\t\t\t<\/div>\n\t\t\t\t<\/div>\n\t\t\t\t\t<\/div>\n\t\t<\/div>\n\t\t\t\t\t<\/div>\n\t\t<\/section>\n\t\t\t\t<\/div>\n\t\t","protected":false},"excerpt":{"rendered":"<p>STR\u00c4NDE Jeden Tag ein anderer Strand Die Insel Elba wird die Perle des Tyrrhenischen Meeres genannt, nach der Legende der G\u00f6ttin Aphrodite, die, indem sie ihre Perlenkette ins Meer gleiten lie\u00df, den toskanischen Archipel zum Leben erweckte, wobei Elba die gr\u00f6\u00dfte Perle darstellt. Sicher und bewiesen ist, dass Elba von einzigartiger Sch\u00f6nheit und Charme ist. &hellip; <br \/><a href=\"https:\/\/www.elbacasavacanze.com\/de\/straende\/\" class=\"more-link\">Continue reading <span class=\"screen-reader-text\">Str\u00e4nde<\/span><\/a><\/p>\n","protected":false},"author":2,"featured_media":0,"parent":0,"menu_order":0,"comment_status":"closed","ping_status":"closed","template":"","meta":{"footnotes":""},"class_list":["post-9425","page","type-page","status-publish","hentry"],"_links":{"self":[{"href":"https:\/\/www.elbacasavacanze.com\/de\/wp-json\/wp\/v2\/pages\/9425","targetHints":{"allow":["GET"]}}],"collection":[{"href":"https:\/\/www.elbacasavacanze.com\/de\/wp-json\/wp\/v2\/pages"}],"about":[{"href":"https:\/\/www.elbacasavacanze.com\/de\/wp-json\/wp\/v2\/types\/page"}],"author":[{"embeddable":true,"href":"https:\/\/www.elbacasavacanze.com\/de\/wp-json\/wp\/v2\/users\/2"}],"replies":[{"embeddable":true,"href":"https:\/\/www.elbacasavacanze.com\/de\/wp-json\/wp\/v2\/comments?post=9425"}],"version-history":[{"count":5,"href":"https:\/\/www.elbacasavacanze.com\/de\/wp-json\/wp\/v2\/pages\/9425\/revisions"}],"predecessor-version":[{"id":9574,"href":"https:\/\/www.elbacasavacanze.com\/de\/wp-json\/wp\/v2\/pages\/9425\/revisions\/9574"}],"wp:attachment":[{"href":"https:\/\/www.elbacasavacanze.com\/de\/wp-json\/wp\/v2\/media?parent=9425"}],"curies":[{"name":"wp","href":"https:\/\/api.w.org\/{rel}","templated":true}]}}