{"id":9417,"date":"2019-05-16T03:46:47","date_gmt":"2019-05-16T01:46:47","guid":{"rendered":"https:\/\/www.elbacasavacanze.com\/dove-siamo\/"},"modified":"2023-03-07T12:06:14","modified_gmt":"2023-03-07T11:06:14","slug":"wo-wir-sind","status":"publish","type":"page","link":"https:\/\/www.elbacasavacanze.com\/de\/wo-wir-sind\/","title":{"rendered":"Wo wir sind"},"content":{"rendered":"\t\t<div data-elementor-type=\"wp-post\" data-elementor-id=\"9417\" class=\"elementor elementor-9417\">\n\t\t\t\t\t\t<section class=\"elementor-section elementor-top-section elementor-element elementor-element-0b64a16 elementor-section-full_width elementor-section-height-min-height elementor-section-stretched elementor-section-height-default elementor-section-items-middle\" data-id=\"0b64a16\" data-element_type=\"section\" data-settings=\"{&quot;stretch_section&quot;:&quot;section-stretched&quot;,&quot;background_background&quot;:&quot;classic&quot;}\">\n\t\t\t\t\t\t<div class=\"elementor-container elementor-column-gap-default\">\n\t\t\t\t\t<div class=\"elementor-column elementor-col-100 elementor-top-column elementor-element elementor-element-f7d1cf9\" data-id=\"f7d1cf9\" data-element_type=\"column\">\n\t\t\t<div class=\"elementor-widget-wrap elementor-element-populated\">\n\t\t\t\t\t\t<div class=\"elementor-element elementor-element-54dcd7f elementor-widget elementor-widget-heading\" data-id=\"54dcd7f\" data-element_type=\"widget\" data-widget_type=\"heading.default\">\n\t\t\t\t<div class=\"elementor-widget-container\">\n\t\t\t<h1 class=\"elementor-heading-title elementor-size-default\">WO WIR SIND<\/h1>\t\t<\/div>\n\t\t\t\t<\/div>\n\t\t\t\t\t<\/div>\n\t\t<\/div>\n\t\t\t\t\t<\/div>\n\t\t<\/section>\n\t\t\t\t<section class=\"elementor-section elementor-top-section elementor-element elementor-element-4ca5d24b elementor-section-boxed elementor-section-height-default elementor-section-height-default\" data-id=\"4ca5d24b\" data-element_type=\"section\" data-settings=\"{&quot;background_background&quot;:&quot;classic&quot;}\">\n\t\t\t\t\t\t<div class=\"elementor-container elementor-column-gap-default\">\n\t\t\t\t\t<div class=\"elementor-column elementor-col-100 elementor-top-column elementor-element elementor-element-6d7ac3d4\" data-id=\"6d7ac3d4\" data-element_type=\"column\">\n\t\t\t<div class=\"elementor-widget-wrap elementor-element-populated\">\n\t\t\t\t\t\t<div class=\"elementor-element elementor-element-209a0b0a apus-heading-builder elementor-widget elementor-widget-heading\" data-id=\"209a0b0a\" data-element_type=\"widget\" data-widget_type=\"heading.default\">\n\t\t\t\t<div class=\"elementor-widget-container\">\n\t\t\t<h2 class=\"elementor-heading-title elementor-size-default\">Wegbeschreibung<\/h2>\t\t<\/div>\n\t\t\t\t<\/div>\n\t\t\t\t<div class=\"elementor-element elementor-element-7675b882 apus-paragraph-builder elementor-widget elementor-widget-text-editor\" data-id=\"7675b882\" data-element_type=\"widget\" data-widget_type=\"text-editor.default\">\n\t\t\t\t<div class=\"elementor-widget-container\">\n\t\t\t\t\t\t\t<p>Wenn Sie mit der F\u00e4hre in Portoferraio ankommen, m\u00fcssen Sie die Richtung Porto Azzurro einschlagen und etwa 14 Kilometer fahren.<\/p><p>Kurz vor der Ankunft in Porto Azzurro auf der rechten Seite in Richtung Meer steht das Ortsschild von Porto Azzurro und auf der linken Seite f\u00fchrt eine Stra\u00dfe weg, an deren Einfahrt Sie unser Schild \u201eCasa Postiglioni \u2013 Elbacasavacanze\u201c finden.<\/p><p>Nehmen Sie links die bergauff\u00fchrende Stra\u00dfe und folgen Sie ihr etwa 800 Meter. Wenn die Stra\u00dfe abzufallen beginnt, liegt auf der rechten Seite das Tor von Casa Postiglioni, Hausnummer 28.<\/p><p>Wenn Sie von Rio Marina oder Cavo kommen, m\u00fcssen Sie in Richtung Porto Azzurro fahren und nach dem Dorf Porto Azzurro biegen Sie rechts in die Stra\u00dfe, die von unsrem Schild Casa Postiglioni gekennzeichnet, ist ein und folgen der Stra\u00dfe, wie oben beschrieben.<\/p>\t\t\t\t\t\t<\/div>\n\t\t\t\t<\/div>\n\t\t\t\t\t<\/div>\n\t\t<\/div>\n\t\t\t\t\t<\/div>\n\t\t<\/section>\n\t\t\t\t<section class=\"elementor-section elementor-top-section elementor-element elementor-element-8236ebc elementor-section-boxed elementor-section-height-default elementor-section-height-default\" data-id=\"8236ebc\" data-element_type=\"section\">\n\t\t\t\t\t\t<div class=\"elementor-container elementor-column-gap-default\">\n\t\t\t\t\t<div class=\"elementor-column elementor-col-33 elementor-top-column elementor-element elementor-element-052fbcc\" data-id=\"052fbcc\" data-element_type=\"column\">\n\t\t\t<div class=\"elementor-widget-wrap elementor-element-populated\">\n\t\t\t\t\t\t<div class=\"elementor-element elementor-element-86daa95 elementor-widget elementor-widget-text-editor\" data-id=\"86daa95\" data-element_type=\"widget\" data-widget_type=\"text-editor.default\">\n\t\t\t\t<div class=\"elementor-widget-container\">\n\t\t\t\t\t\t\t<div class=\"apus-list-contact\"><ul class=\"apus-list-contact-address list-unstyled\"><li><strong>Adresse:<\/strong><\/li><li>Via di Pontecchio, 28<br \/>Porto Azzurro &#8211; Isola d\u2019Elba<\/li><\/ul><\/div>\t\t\t\t\t\t<\/div>\n\t\t\t\t<\/div>\n\t\t\t\t\t<\/div>\n\t\t<\/div>\n\t\t\t\t<div class=\"elementor-column elementor-col-33 elementor-top-column elementor-element elementor-element-17377ec\" data-id=\"17377ec\" data-element_type=\"column\">\n\t\t\t<div class=\"elementor-widget-wrap elementor-element-populated\">\n\t\t\t\t\t\t<div class=\"elementor-element elementor-element-e1a0303 elementor-widget elementor-widget-text-editor\" data-id=\"e1a0303\" data-element_type=\"widget\" data-widget_type=\"text-editor.default\">\n\t\t\t\t<div class=\"elementor-widget-container\">\n\t\t\t\t\t\t\t<div class=\"apus-list-contact\"><ul class=\"apus-list-contact-address list-unstyled\"><li><strong>Kontakte:<\/strong><\/li><li><a href=\"mailto: info@elbacasavacanze.com\"> info@elbacasavacanze.com<\/a> <a href=\"tel:+393402517112\">+39 340 2517112<\/a><\/li><\/ul><\/div>\t\t\t\t\t\t<\/div>\n\t\t\t\t<\/div>\n\t\t\t\t\t<\/div>\n\t\t<\/div>\n\t\t\t\t<div class=\"elementor-column elementor-col-33 elementor-top-column elementor-element elementor-element-2bf31c7\" data-id=\"2bf31c7\" data-element_type=\"column\">\n\t\t\t<div class=\"elementor-widget-wrap elementor-element-populated\">\n\t\t\t\t\t\t<div class=\"elementor-element elementor-element-b2636f9 elementor-widget elementor-widget-spacer\" data-id=\"b2636f9\" data-element_type=\"widget\" data-widget_type=\"spacer.default\">\n\t\t\t\t<div class=\"elementor-widget-container\">\n\t\t\t\t\t<div class=\"elementor-spacer\">\n\t\t\t<div class=\"elementor-spacer-inner\"><\/div>\n\t\t<\/div>\n\t\t\t\t<\/div>\n\t\t\t\t<\/div>\n\t\t\t\t<div class=\"elementor-element elementor-element-899c98c elementor-shape-circle e-grid-align-left elementor-grid-0 elementor-widget elementor-widget-social-icons\" data-id=\"899c98c\" data-element_type=\"widget\" data-widget_type=\"social-icons.default\">\n\t\t\t\t<div class=\"elementor-widget-container\">\n\t\t\t\t\t<div class=\"elementor-social-icons-wrapper elementor-grid\">\n\t\t\t\t\t\t\t<span class=\"elementor-grid-item\">\n\t\t\t\t\t<a class=\"elementor-icon elementor-social-icon elementor-social-icon-facebook-f elementor-repeater-item-87b739b\" href=\"https:\/\/www.facebook.com\/CasaPostiglioni\/?fref=ts\" target=\"_blank\">\n\t\t\t\t\t\t<span class=\"elementor-screen-only\">Facebook-f<\/span>\n\t\t\t\t\t\t<i class=\"fab fa-facebook-f\"><\/i>\t\t\t\t\t<\/a>\n\t\t\t\t<\/span>\n\t\t\t\t\t<\/div>\n\t\t\t\t<\/div>\n\t\t\t\t<\/div>\n\t\t\t\t\t<\/div>\n\t\t<\/div>\n\t\t\t\t\t<\/div>\n\t\t<\/section>\n\t\t\t\t<section class=\"elementor-section elementor-top-section elementor-element elementor-element-f67917f elementor-section-stretched elementor-section-full_width elementor-section-height-default elementor-section-height-default\" data-id=\"f67917f\" data-element_type=\"section\" data-settings=\"{&quot;stretch_section&quot;:&quot;section-stretched&quot;,&quot;background_background&quot;:&quot;classic&quot;}\">\n\t\t\t\t\t\t<div class=\"elementor-container elementor-column-gap-extended\">\n\t\t\t\t\t<div class=\"elementor-column elementor-col-50 elementor-top-column elementor-element elementor-element-7ccb06b\" data-id=\"7ccb06b\" data-element_type=\"column\">\n\t\t\t<div class=\"elementor-widget-wrap elementor-element-populated\">\n\t\t\t\t\t\t<div class=\"elementor-element elementor-element-98b0262 elementor-widget elementor-widget-google_maps\" data-id=\"98b0262\" data-element_type=\"widget\" data-widget_type=\"google_maps.default\">\n\t\t\t\t<div class=\"elementor-widget-container\">\n\t\t\t\t\t<div class=\"elementor-custom-embed\">\n\t\t\t<iframe loading=\"lazy\"\n\t\t\t\t\tsrc=\"https:\/\/maps.google.com\/maps?q=Via%20di%20Pontecchio%2C%2028%20Porto%20Azzurro&#038;t=m&#038;z=12&#038;output=embed&#038;iwloc=near\"\n\t\t\t\t\ttitle=\"Via di Pontecchio, 28 Porto Azzurro\"\n\t\t\t\t\taria-label=\"Via di Pontecchio, 28 Porto Azzurro\"\n\t\t\t><\/iframe>\n\t\t<\/div>\n\t\t\t\t<\/div>\n\t\t\t\t<\/div>\n\t\t\t\t\t<\/div>\n\t\t<\/div>\n\t\t\t\t<div class=\"elementor-column elementor-col-50 elementor-top-column elementor-element elementor-element-cfcc4a2 apus-map-form\" data-id=\"cfcc4a2\" data-element_type=\"column\">\n\t\t\t<div class=\"elementor-widget-wrap elementor-element-populated\">\n\t\t\t\t\t\t<div class=\"elementor-element elementor-element-3242e41 elementor-widget elementor-widget-heading\" data-id=\"3242e41\" data-element_type=\"widget\" data-widget_type=\"heading.default\">\n\t\t\t\t<div class=\"elementor-widget-container\">\n\t\t\t<h2 class=\"elementor-heading-title elementor-size-default\">KONTAKTIEREN SIE UNS<\/h2>\t\t<\/div>\n\t\t\t\t<\/div>\n\t\t\t\t<div class=\"elementor-element elementor-element-27497d9 elementor-widget elementor-widget-heading\" data-id=\"27497d9\" data-element_type=\"widget\" data-widget_type=\"heading.default\">\n\t\t\t\t<div class=\"elementor-widget-container\">\n\t\t\t<p class=\"elementor-heading-title elementor-size-default\">Hinterlassen Sie einfach Ihre E-Mail und wir werden uns umgehend mit Ihnen in Verbindung setzen!<\/p>\t\t<\/div>\n\t\t\t\t<\/div>\n\t\t\t\t<div class=\"elementor-element elementor-element-580da33 elementor-widget elementor-widget-text-editor\" data-id=\"580da33\" data-element_type=\"widget\" data-widget_type=\"text-editor.default\">\n\t\t\t\t<div class=\"elementor-widget-container\">\n\t\t\t\t\t\t\t\n<div class=\"wpcf7 no-js\" id=\"wpcf7-f9593-o1\" lang=\"it-IT\" dir=\"ltr\" data-wpcf7-id=\"9593\">\n<div class=\"screen-reader-response\"><p role=\"status\" aria-live=\"polite\" aria-atomic=\"true\"><\/p> <ul><\/ul><\/div>\n<form action=\"\/de\/wp-json\/wp\/v2\/pages\/9417#wpcf7-f9593-o1\" method=\"post\" class=\"wpcf7-form init\" aria-label=\"Modulo di contatto\" novalidate=\"novalidate\" data-status=\"init\">\n<div style=\"display: none;\">\n<input type=\"hidden\" name=\"_wpcf7\" value=\"9593\" \/>\n<input type=\"hidden\" name=\"_wpcf7_version\" value=\"6.0\" \/>\n<input type=\"hidden\" name=\"_wpcf7_locale\" value=\"it_IT\" \/>\n<input type=\"hidden\" name=\"_wpcf7_unit_tag\" value=\"wpcf7-f9593-o1\" \/>\n<input type=\"hidden\" name=\"_wpcf7_container_post\" value=\"0\" \/>\n<input type=\"hidden\" name=\"_wpcf7_posted_data_hash\" value=\"\" \/>\n<\/div>\n<div class=\"pcf7-form-contact page-form-contact row\">\n\t<div class=\"col-md-6 col-sm-12 col-xs-12\">\n\t\t<p><span class=\"wpcf7-form-control-wrap\" data-name=\"your-name\"><input size=\"40\" maxlength=\"400\" class=\"wpcf7-form-control wpcf7-text wpcf7-validates-as-required form-control\" id=\"your-name\" aria-required=\"true\" aria-invalid=\"false\" placeholder=\"Vor- und Nachname\" value=\"\" type=\"text\" name=\"your-name\" \/><\/span>\n\t\t<\/p>\n\t<\/div>\n\t<div class=\"col-md-6 col-sm-12 col-xs-12\">\n\t\t<p><span class=\"wpcf7-form-control-wrap\" data-name=\"your-email\"><input size=\"40\" maxlength=\"400\" class=\"wpcf7-form-control wpcf7-email wpcf7-validates-as-required wpcf7-text wpcf7-validates-as-email form-control\" id=\"your-email\" aria-required=\"true\" aria-invalid=\"false\" placeholder=\"Email\" value=\"\" type=\"email\" name=\"your-email\" \/><\/span>\n\t\t<\/p>\n\t<\/div>\n\t<div class=\"col-md-6 col-sm-12 col-xs-12\">\n\t\t<p><span class=\"wpcf7-form-control-wrap\" data-name=\"your-phone\"><input size=\"40\" maxlength=\"400\" class=\"wpcf7-form-control wpcf7-text form-control\" id=\"your-phone\" aria-invalid=\"false\" placeholder=\"Telefon\" value=\"\" type=\"text\" name=\"your-phone\" \/><\/span>\n\t\t<\/p>\n\t<\/div>\n\t<div class=\"col-md-6 col-sm-12 col-xs-12\">\n\t\t<p><span class=\"wpcf7-form-control-wrap\" data-name=\"your-subject\"><input size=\"40\" maxlength=\"400\" class=\"wpcf7-form-control wpcf7-text form-control\" id=\"your-subject\" aria-invalid=\"false\" placeholder=\"Betreff\" value=\"\" type=\"text\" name=\"your-subject\" \/><\/span>\n\t\t<\/p>\n\t<\/div>\n\t<div class=\"col-md-12 col-sm-12 col-xs-12\">\n\t\t<p><span class=\"wpcf7-form-control-wrap\" data-name=\"your-message\"><textarea cols=\"40\" rows=\"10\" maxlength=\"2000\" class=\"wpcf7-form-control wpcf7-textarea form-control\" id=\"your-message\" aria-invalid=\"false\" placeholder=\"Ihre Nachricht\" name=\"your-message\"><\/textarea><\/span>\n\t\t<\/p>\n\t<\/div>\n\t<p><span class=\"wpcf7-form-control-wrap\" data-name=\"acceptance-274\"><span class=\"wpcf7-form-control wpcf7-acceptance\"><span class=\"wpcf7-list-item\"><label><input type=\"checkbox\" name=\"acceptance-274\" value=\"1\" aria-invalid=\"false\" \/><span class=\"wpcf7-list-item-label\">Privacy: Ich habe die Datenschutzerkl\u00e4rung gelesen und stimme der Verarbeitung meiner pers\u00f6nlichen Daten gem\u00e4\u00df der neuen Verordnung (EU) 2016\/679 zu. Ich best\u00e4tige, dass ich \u00fcber 16 Jahre alt bin.<\/span><\/label><\/span><\/span><\/span>\n\t<\/p>\n\t<div class=\"col-md-12 col-sm-12 col-xs-12\">\n\t\t<p><input class=\"wpcf7-form-control wpcf7-submit has-spinner btn btn-outline\" type=\"submit\" value=\"Senden\" \/>\n\t\t<\/p>\n\t<\/div>\n<\/div><div class=\"wpcf7-response-output\" aria-hidden=\"true\"><\/div>\n<\/form>\n<\/div>\n\t\t\t\t\t\t<\/div>\n\t\t\t\t<\/div>\n\t\t\t\t\t<\/div>\n\t\t<\/div>\n\t\t\t\t\t<\/div>\n\t\t<\/section>\n\t\t\t\t<\/div>\n\t\t","protected":false},"excerpt":{"rendered":"<p>WO WIR SIND Wegbeschreibung Wenn Sie mit der F\u00e4hre in Portoferraio ankommen, m\u00fcssen Sie die Richtung Porto Azzurro einschlagen und etwa 14 Kilometer fahren. Kurz vor der Ankunft in Porto Azzurro auf der rechten Seite in Richtung Meer steht das Ortsschild von Porto Azzurro und auf der linken Seite f\u00fchrt eine Stra\u00dfe weg, an deren &hellip; <br \/><a href=\"https:\/\/www.elbacasavacanze.com\/de\/wo-wir-sind\/\" class=\"more-link\">Continue reading <span class=\"screen-reader-text\">Wo wir sind<\/span><\/a><\/p>\n","protected":false},"author":1,"featured_media":9157,"parent":0,"menu_order":0,"comment_status":"closed","ping_status":"closed","template":"","meta":{"footnotes":""},"class_list":["post-9417","page","type-page","status-publish","has-post-thumbnail","hentry"],"_links":{"self":[{"href":"https:\/\/www.elbacasavacanze.com\/de\/wp-json\/wp\/v2\/pages\/9417","targetHints":{"allow":["GET"]}}],"collection":[{"href":"https:\/\/www.elbacasavacanze.com\/de\/wp-json\/wp\/v2\/pages"}],"about":[{"href":"https:\/\/www.elbacasavacanze.com\/de\/wp-json\/wp\/v2\/types\/page"}],"author":[{"embeddable":true,"href":"https:\/\/www.elbacasavacanze.com\/de\/wp-json\/wp\/v2\/users\/1"}],"replies":[{"embeddable":true,"href":"https:\/\/www.elbacasavacanze.com\/de\/wp-json\/wp\/v2\/comments?post=9417"}],"version-history":[{"count":5,"href":"https:\/\/www.elbacasavacanze.com\/de\/wp-json\/wp\/v2\/pages\/9417\/revisions"}],"predecessor-version":[{"id":9618,"href":"https:\/\/www.elbacasavacanze.com\/de\/wp-json\/wp\/v2\/pages\/9417\/revisions\/9618"}],"wp:featuredmedia":[{"embeddable":true,"href":"https:\/\/www.elbacasavacanze.com\/de\/wp-json\/wp\/v2\/media\/9157"}],"wp:attachment":[{"href":"https:\/\/www.elbacasavacanze.com\/de\/wp-json\/wp\/v2\/media?parent=9417"}],"curies":[{"name":"wp","href":"https:\/\/api.w.org\/{rel}","templated":true}]}}